{"id":110,"date":"2011-10-11T23:31:41","date_gmt":"2011-10-11T21:31:41","guid":{"rendered":"http:\/\/the-unity.de\/hp2.0\/?page_id=110"},"modified":"2012-01-01T22:04:01","modified_gmt":"2012-01-01T20:04:01","slug":"kontakte","status":"publish","type":"page","link":"https:\/\/the-unity.de\/?page_id=110","title":{"rendered":"Kontakt"},"content":{"rendered":"<h1>Anregungen, Fragen und Kritik:<\/h1>\n<p>Wir sind nat\u00fcrlich immer und jeder Zeit f\u00fcr Anregungen und Kritik offen. Es gilt dabei grunds\u00e4tzlich, dass Ihr uns stets im Stadion ansprechen k\u00f6nnt. Nehmt einfach Kontakt zu einem TU-Mitglied auf und lasst Euch zu den entsprechenden Verantwortlichen f\u00fchren. Am Besten geht das \u00fcbrigens immer bei Heimspielen am B\u00fcdchen. Ihr findet es auf der Hauptebene der S\u00fcdtrib\u00fcne zwischen den Aufg\u00e4ngen der Bl\u00f6cke 12 und 13.<br \/>\nIhr k\u00f6nnt uns aber auch immer per Mail kontaktieren. <\/p>\n<p>E-Mail: <a href=\"mailto:info@the-unity.de\"> info[at]the-unity.de<\/a><\/p>\n","protected":false},"excerpt":{"rendered":"<p>Anregungen, Fragen und Kritik: Wir sind nat\u00fcrlich immer und jeder Zeit f\u00fcr Anregungen und Kritik offen. Es gilt dabei grunds\u00e4tzlich, dass Ihr uns stets im Stadion ansprechen k\u00f6nnt. Nehmt einfach Kontakt zu einem TU-Mitglied auf und lasst Euch zu den entsprechenden Verantwortlichen f\u00fchren. Am Besten geht das \u00fcbrigens immer bei Heimspielen am B\u00fcdchen. Ihr findet [&hellip;]<\/p>\n","protected":false},"author":4,"featured_media":0,"parent":0,"menu_order":0,"comment_status":"closed","ping_status":"closed","template":"","meta":{"ngg_post_thumbnail":0,"footnotes":""},"class_list":["post-110","page","type-page","status-publish","hentry"],"_links":{"self":[{"href":"https:\/\/the-unity.de\/index.php?rest_route=\/wp\/v2\/pages\/110","targetHints":{"allow":["GET"]}}],"collection":[{"href":"https:\/\/the-unity.de\/index.php?rest_route=\/wp\/v2\/pages"}],"about":[{"href":"https:\/\/the-unity.de\/index.php?rest_route=\/wp\/v2\/types\/page"}],"author":[{"embeddable":true,"href":"https:\/\/the-unity.de\/index.php?rest_route=\/wp\/v2\/users\/4"}],"replies":[{"embeddable":true,"href":"https:\/\/the-unity.de\/index.php?rest_route=%2Fwp%2Fv2%2Fcomments&post=110"}],"version-history":[{"count":7,"href":"https:\/\/the-unity.de\/index.php?rest_route=\/wp\/v2\/pages\/110\/revisions"}],"predecessor-version":[{"id":384,"href":"https:\/\/the-unity.de\/index.php?rest_route=\/wp\/v2\/pages\/110\/revisions\/384"}],"wp:attachment":[{"href":"https:\/\/the-unity.de\/index.php?rest_route=%2Fwp%2Fv2%2Fmedia&parent=110"}],"curies":[{"name":"wp","href":"https:\/\/api.w.org\/{rel}","templated":true}]}}