{"id":959,"date":"2012-08-25T13:01:06","date_gmt":"2012-08-25T11:01:06","guid":{"rendered":"http:\/\/the-unity.de\/?page_id=959"},"modified":"2013-05-19T19:16:00","modified_gmt":"2013-05-19T18:16:00","slug":"vorspiel-1213","status":"publish","type":"page","link":"https:\/\/the-unity.de\/?page_id=959","title":{"rendered":"Vorspiel &#8211; 12\/13"},"content":{"rendered":"<div class=\"vorspiel\">\n<div class=\"vorspielbild\"><img decoding=\"async\" src=\"wp-content\/themes\/TU\/images\/medien\/vorspiel\/12-13\/vorspiel_svw.jpg\" alt=\"Vorspiel SVW\" \/><\/div>\n<div class=\"vorspielspieltag\">\n<h1>Nummer 67<\/h1>\n<p>Werder Bremen<\/p>\n<\/div>\n<div class=\"clear\"><\/div>\n<div class=\"vorspielbottom\"><a href=\"wp-content\/themes\/TU\/vorspiel\/12-13\/vorspiel_67_svw.pdf\" target=\"_blank\">anschauen&#8230;<\/a><\/div>\n<\/div>\n<div class=\"vorspiel\">\n<div class=\"vorspielbild\"><img decoding=\"async\" src=\"wp-content\/themes\/TU\/images\/medien\/vorspiel\/12-13\/vorspiel_lev.jpg\" alt=\"Vorspiel LEV\" \/><\/div>\n<div class=\"vorspielspieltag\">\n<h1>Nummer 68<\/h1>\n<p>Leverkusen<\/p>\n<\/div>\n<div class=\"clear\"><\/div>\n<div class=\"vorspielbottom\"><a href=\"wp-content\/themes\/TU\/vorspiel\/12-13\/vorspiel_68_lev.pdf\" target=\"_blank\">anschauen&#8230;<\/a><\/div>\n<\/div>\n<div class=\"vorspiel\">\n<div class=\"vorspielbild\"><img decoding=\"async\" src=\"wp-content\/themes\/TU\/images\/medien\/vorspiel\/12-13\/vorspiel_bmg.jpg\" alt=\"Vorspiel LEV\" \/><\/div>\n<div class=\"vorspielspieltag\">\n<h1>Nummer 69<\/h1>\n<p>M\u00f6nchengladbach<\/p>\n<\/div>\n<div class=\"clear\"><\/div>\n<div class=\"vorspielbottom\"><a href=\"wp-content\/themes\/TU\/vorspiel\/12-13\/vorspiel_69_bmg.pdf\" target=\"_blank\">anschauen&#8230;<\/a><\/div>\n<\/div>\n<div class=\"vorspiel\">\n<div class=\"vorspielbild\"><img decoding=\"async\" src=\"wp-content\/themes\/TU\/images\/medien\/vorspiel\/12-13\/vorspiel_derby.jpg\" alt=\"Vorspiel Derby\" \/><\/div>\n<div class=\"vorspielspieltag\">\n<h1>Nummer 70<\/h1>\n<p>Derby<\/p>\n<\/div>\n<div class=\"clear\"><\/div>\n<div class=\"vorspielbottom\"><a href=\"wp-content\/themes\/TU\/vorspiel\/12-13\/vorspiel_70_derby.pdf\" target=\"_blank\">anschauen&#8230;<\/a><\/div>\n<\/div>\n<div class=\"vorspiel\">\n<div class=\"vorspielbild\"><img decoding=\"async\" src=\"wp-content\/themes\/TU\/images\/medien\/vorspiel\/12-13\/vorspiel_stuttgart.jpg\" alt=\"Vorspiel Stuttgart\" \/><\/div>\n<div class=\"vorspielspieltag\">\n<h1>Nummer 71<\/h1>\n<p>Stuttgart<\/p>\n<\/div>\n<div class=\"clear\"><\/div>\n<div class=\"vorspielbottom\"><a href=\"wp-content\/themes\/TU\/vorspiel\/12-13\/vorspiel_71_vfb.pdf\" target=\"_blank\">anschauen&#8230;<\/a><\/div>\n<\/div>\n<div class=\"vorspiel\">\n<div class=\"vorspielbild\"><img decoding=\"async\" src=\"wp-content\/themes\/TU\/images\/medien\/vorspiel\/12-13\/vorspiel_fuerth.jpg\" alt=\"Vorspiel Stuttgart\" \/><\/div>\n<div class=\"vorspielspieltag\">\n<h1>Nummer 72<\/h1>\n<p>F\u00fcrth<\/p>\n<\/div>\n<div class=\"clear\"><\/div>\n<div class=\"vorspielbottom\"><a href=\"wp-content\/themes\/TU\/vorspiel\/12-13\/vorspiel_72_fuerth.pdf\" target=\"_blank\">anschauen&#8230;<\/a><\/div>\n<\/div>\n<div class=\"vorspiel\">\n<div class=\"vorspielbild\"><img decoding=\"async\" src=\"wp-content\/themes\/TU\/images\/medien\/vorspiel\/12-13\/vorspiel_fuerth.jpg\" alt=\"Vorspiel Stuttgart\" \/><\/div>\n<div class=\"vorspielspieltag\">\n<h1>Nummer 73<\/h1>\n<p>D\u00fcsseldorf<\/p>\n<\/div>\n<div class=\"clear\"><\/div>\n<div class=\"vorspielbottom\"><a href=\"wp-content\/themes\/TU\/vorspiel\/12-13\/vorspiel_73_f95.pdf\" target=\"_blank\">anschauen&#8230;<\/a><\/div>\n<\/div>\n<div class=\"vorspiel\">\n<div class=\"vorspielbild\"><img decoding=\"async\" src=\"wp-content\/themes\/TU\/images\/medien\/vorspiel\/12-13\/vorspiel_fuerth.jpg\" alt=\"Vorspiel Stuttgart\" \/><\/div>\n<div class=\"vorspielspieltag\">\n<h1>Nummer 74<\/h1>\n<p>Wolfsburg<\/p>\n<\/div>\n<div class=\"clear\"><\/div>\n<div class=\"vorspielbottom\"><a href=\"wp-content\/themes\/TU\/vorspiel\/12-13\/vorspiel_74_wob.pdf\" target=\"_blank\">anschauen&#8230;<\/a><\/div>\n<\/div>\n<div class=\"vorspiel\">\n<div class=\"vorspielbild\"><img decoding=\"async\" src=\"wp-content\/themes\/TU\/images\/medien\/vorspiel\/12-13\/vorspiel_fcn.jpg\" alt=\"Vorspiel FCN\" \/><\/div>\n<div class=\"vorspielspieltag\">\n<h1>Nummer 75<\/h1>\n<p>N\u00fcrnberg<\/p>\n<\/div>\n<div class=\"clear\"><\/div>\n<div class=\"vorspielbottom\"><a href=\"wp-content\/themes\/TU\/vorspiel\/12-13\/vorspiel_75_fcn.pdf\" target=\"_blank\">anschauen&#8230;<\/a><\/div>\n<\/div>\n<div class=\"vorspiel\">\n<div class=\"vorspielbild\"><img decoding=\"async\" src=\"wp-content\/themes\/TU\/images\/medien\/vorspiel\/12-13\/vorspiel_hsv.jpg\" alt=\"Vorspiel HSV\" \/><\/div>\n<div class=\"vorspielspieltag\">\n<h1>Nummer 76<\/h1>\n<p>Hamburg<\/p>\n<\/div>\n<div class=\"clear\"><\/div>\n<div class=\"vorspielbottom\"><a href=\"wp-content\/themes\/TU\/vorspiel\/12-13\/vorspiel_76_hsv.pdf\" target=\"_blank\">anschauen&#8230;<\/a><\/div>\n<\/div>\n<div class=\"vorspiel\">\n<div class=\"vorspielbild\"><img decoding=\"async\" src=\"wp-content\/themes\/TU\/images\/medien\/vorspiel\/12-13\/vorspiel_sge.jpg\" alt=\"Vorspiel HSV\" \/><\/div>\n<div class=\"vorspielspieltag\">\n<h1>Nummer 77<\/h1>\n<p>Frankfurt<\/p>\n<\/div>\n<div class=\"clear\"><\/div>\n<div class=\"vorspielbottom\"><a href=\"wp-content\/themes\/TU\/vorspiel\/12-13\/vorspiel_77_sge.pdf\" target=\"_blank\">anschauen&#8230;<\/a><\/div>\n<\/div>\n<div class=\"vorspiel\">\n<div class=\"vorspielbild\"><img decoding=\"async\" src=\"wp-content\/themes\/TU\/images\/medien\/vorspiel\/12-13\/vorspiel_h96.jpg\" alt=\"Vorspiel H96\" \/><\/div>\n<div class=\"vorspielspieltag\">\n<h1>Nummer 78<\/h1>\n<p>Hannover 96<\/p>\n<\/div>\n<div class=\"clear\"><\/div>\n<div class=\"vorspielbottom\"><a href=\"wp-content\/themes\/TU\/vorspiel\/12-13\/vorspiel_78_h96.pdf\" target=\"_blank\">anschauen&#8230;<\/a><\/div>\n<\/div>\n<div class=\"vorspiel\">\n<div class=\"vorspielbild\"><img decoding=\"async\" src=\"wp-content\/themes\/TU\/images\/medien\/vorspiel\/12-13\/vorspiel_scf.jpg\" alt=\"Vorspiel H96\" \/><\/div>\n<div class=\"vorspielspieltag\">\n<h1>Nummer 79<\/h1>\n<p>SC Freiburg<\/p>\n<\/div>\n<div class=\"clear\"><\/div>\n<div class=\"vorspielbottom\"><a href=\"wp-content\/themes\/TU\/vorspiel\/12-13\/vorspiel_79_scf.pdf\" target=\"_blank\">anschauen&#8230;<\/a><\/div>\n<\/div>\n<div class=\"vorspiel\">\n<div class=\"vorspielbild\"><img decoding=\"async\" src=\"wp-content\/themes\/TU\/images\/medien\/vorspiel\/12-13\/vorspiel_augsburg.jpg\" alt=\"Vorspiel Augsburg\" \/><\/div>\n<div class=\"vorspielspieltag\">\n<h1>Nummer 80<\/h1>\n<p>Augsburg<\/p>\n<\/div>\n<div class=\"clear\"><\/div>\n<div class=\"vorspielbottom\"><a href=\"wp-content\/themes\/TU\/vorspiel\/12-13\/vorspiel_80_fca.pdf\" target=\"_blank\">anschauen&#8230;<\/a><\/div>\n<\/div>\n<div class=\"vorspiel\">\n<div class=\"vorspielbild\"><img decoding=\"async\" src=\"wp-content\/themes\/TU\/images\/medien\/vorspiel\/12-13\/vorspiel_mainz.jpg\" alt=\"Vorspiel Mainz\" \/><\/div>\n<div class=\"vorspielspieltag\">\n<h1>Nummer 81<\/h1>\n<p>Mainz<\/p>\n<\/div>\n<div class=\"clear\"><\/div>\n<div class=\"vorspielbottom\"><a href=\"wp-content\/themes\/TU\/vorspiel\/12-13\/vorspiel_81_fsv.pdf\" target=\"_blank\">anschauen&#8230;<\/a><\/div>\n<\/div>\n<div class=\"vorspiel\">\n<div class=\"vorspielbild\"><img decoding=\"async\" src=\"wp-content\/themes\/TU\/images\/medien\/vorspiel\/12-13\/vorspiel_bayern.jpg\" alt=\"Vorspiel Bayern\" \/><\/div>\n<div class=\"vorspielspieltag\">\n<h1>Nummer 82<\/h1>\n<p>Bayern<\/p>\n<\/div>\n<div class=\"clear\"><\/div>\n<div class=\"vorspielbottom\"><a href=\"wp-content\/themes\/TU\/vorspiel\/12-13\/vorspiel_82_fcb.pdf\" target=\"_blank\">anschauen&#8230;<\/a><\/div>\n<\/div>\n<div class=\"vorspiel\">\n<div class=\"vorspielbild\"><img decoding=\"async\" src=\"wp-content\/themes\/TU\/images\/medien\/vorspiel\/12-13\/vorspiel_tsg.jpg\" alt=\"Vorspiel TSG\" \/><\/div>\n<div class=\"vorspielspieltag\">\n<h1>Nummer 83<\/h1>\n<p>Hoffenheim<\/p>\n<\/div>\n<div class=\"clear\"><\/div>\n<div class=\"vorspielbottom\"><a href=\"wp-content\/themes\/TU\/vorspiel\/12-13\/vorspiel_83_tsg.pdf\" target=\"_blank\">anschauen&#8230;<\/a><\/div>\n<\/div>\n","protected":false},"excerpt":{"rendered":"<p>Nummer 67 Werder Bremen anschauen&#8230; Nummer 68 Leverkusen anschauen&#8230; Nummer 69 M\u00f6nchengladbach anschauen&#8230; Nummer 70 Derby anschauen&#8230; Nummer 71 Stuttgart anschauen&#8230; Nummer 72 F\u00fcrth anschauen&#8230; Nummer 73 D\u00fcsseldorf anschauen&#8230; Nummer 74 Wolfsburg anschauen&#8230; Nummer 75 N\u00fcrnberg anschauen&#8230; Nummer 76 Hamburg anschauen&#8230; Nummer 77 Frankfurt anschauen&#8230; Nummer 78 Hannover 96 anschauen&#8230; Nummer 79 SC Freiburg anschauen&#8230; [&hellip;]<\/p>\n","protected":false},"author":4,"featured_media":0,"parent":0,"menu_order":0,"comment_status":"closed","ping_status":"closed","template":"","meta":{"ngg_post_thumbnail":0,"footnotes":""},"class_list":["post-959","page","type-page","status-publish","hentry"],"_links":{"self":[{"href":"https:\/\/the-unity.de\/index.php?rest_route=\/wp\/v2\/pages\/959","targetHints":{"allow":["GET"]}}],"collection":[{"href":"https:\/\/the-unity.de\/index.php?rest_route=\/wp\/v2\/pages"}],"about":[{"href":"https:\/\/the-unity.de\/index.php?rest_route=\/wp\/v2\/types\/page"}],"author":[{"embeddable":true,"href":"https:\/\/the-unity.de\/index.php?rest_route=\/wp\/v2\/users\/4"}],"replies":[{"embeddable":true,"href":"https:\/\/the-unity.de\/index.php?rest_route=%2Fwp%2Fv2%2Fcomments&post=959"}],"version-history":[{"count":18,"href":"https:\/\/the-unity.de\/index.php?rest_route=\/wp\/v2\/pages\/959\/revisions"}],"predecessor-version":[{"id":1558,"href":"https:\/\/the-unity.de\/index.php?rest_route=\/wp\/v2\/pages\/959\/revisions\/1558"}],"wp:attachment":[{"href":"https:\/\/the-unity.de\/index.php?rest_route=%2Fwp%2Fv2%2Fmedia&parent=959"}],"curies":[{"name":"wp","href":"https:\/\/api.w.org\/{rel}","templated":true}]}}